{"id":9,"date":"2026-05-05T13:57:58","date_gmt":"2026-05-05T11:57:58","guid":{"rendered":"http:\/\/vbud-konstrukcje.pl\/?page_id=9"},"modified":"2026-05-05T14:27:53","modified_gmt":"2026-05-05T12:27:53","slug":"strona-glowna","status":"publish","type":"page","link":"https:\/\/vbud-konstrukcje.pl\/","title":{"rendered":"STRONA G\u0141\u00d3WNA"},"content":{"rendered":"\t\t<div data-elementor-type=\"wp-page\" data-elementor-id=\"9\" class=\"elementor elementor-9\">\n\t\t\t\t<div class=\"elementor-element elementor-element-b0a2dea e-con-full e-flex e-con e-parent\" data-id=\"b0a2dea\" data-element_type=\"container\" data-e-type=\"container\">\n\t\t\t\t<\/div>\n\t\t<div class=\"elementor-element elementor-element-06c02cc e-flex e-con-boxed e-con e-parent\" data-id=\"06c02cc\" data-element_type=\"container\" data-e-type=\"container\">\n\t\t\t\t\t<div class=\"e-con-inner\">\n\t\t<div class=\"elementor-element elementor-element-9171213 e-con-full e-flex e-con e-child\" data-id=\"9171213\" data-element_type=\"container\" data-e-type=\"container\">\n\t\t\t\t\t\t\t\n\t\t\t<img class=\"e-image-base \" \n\t\t\t\t\tdata-interaction-id=\"c5e7979\" \n\t\t \n\t\t \n\t\t\t\t\t\t\t\t\tsrc=\"https:\/\/vbud-konstrukcje.pl\/wp-content\/plugins\/elementor\/assets\/images\/placeholder-v4.svg\"\n\t\t\t\t\t\t\/>\n\t\t\t\t\t<\/div>\n\t\t<div class=\"elementor-element elementor-element-3d96d05 e-con-full e-flex e-con e-child\" data-id=\"3d96d05\" data-element_type=\"container\" data-e-type=\"container\">\n\t\t\t\t<div class=\"elementor-element elementor-element-cc72f8a elementor-widget elementor-widget-text-editor\" data-id=\"cc72f8a\" data-element_type=\"widget\" data-e-type=\"widget\" data-widget_type=\"text-editor.default\">\n\t\t\t\t\t\t\t\t\t<p><strong>&#8222;V-Bud&#8221;<\/strong> firma budowlana zajmuj\u0105ca si\u0119 przede wszystkim budow\u0105 mur\u00f3w oporowych z gruntu zbrojonego. W swojej d\u0142ugo letniej historii ma na swoim koncie kilkana\u015bcie kontrakt\u00f3w gdzie wybudowali\u015bmy kilkadziesi\u0105t tysi\u0119cy m\u00b2 mur\u00f3w. Wykonujemy r\u00f3wnie\u017c inne roboty budowlane zwi\u0105zane z budow\u0105 dr\u00f3g, most\u00f3w, tuneli, przepust\u00f3w.\u00a0<\/p><p>Do ka\u017cdego kontraktu podchodzimy indywidualnie z pe\u0142nym zaanga\u017cowaniem oraz szacunkiem do Naszych zleceniodawc\u00f3w i partner\u00f3w.<\/p>\t\t\t\t\t\t\t\t<\/div>\n\t\t\t\t<\/div>\n\t\t\t\t\t<\/div>\n\t\t\t\t<\/div>\n\t\t<div class=\"elementor-element elementor-element-8154af8 e-con-full e-flex e-con e-parent\" data-id=\"8154af8\" data-element_type=\"container\" data-e-type=\"container\" data-settings=\"{&quot;background_background&quot;:&quot;classic&quot;}\">\n\t\t\t\t\t\t\t<h2 \n\t\tdata-interaction-id=\"1ee65ce\" \n\t\tclass=\"e-1ee65ce-3c8394d e-heading-base\" \n\t\t \n\t\t\n\t>\n\t\n\t\t\tLider w\u015br\u00f3d Wykonawc\u00f3w\n\t\t<\/h2>\n\t\t\t\t<\/div>\n\t\t<div class=\"elementor-element elementor-element-0fbc7f2 e-flex e-con-boxed e-con e-parent\" data-id=\"0fbc7f2\" data-element_type=\"container\" data-e-type=\"container\">\n\t\t\t\t\t<div class=\"e-con-inner\">\n\t\t\t\t\t<\/div>\n\t\t\t\t<\/div>\n\t\t\t\t<\/div>\n\t\t","protected":false},"excerpt":{"rendered":"<p>&#8222;V-Bud&#8221; firma budowlana zajmuj\u0105ca si\u0119 przede wszystkim budow\u0105 mur\u00f3w oporowych z gruntu zbrojonego. W swojej d\u0142ugo letniej historii ma na [&hellip;]<\/p>\n","protected":false},"author":1,"featured_media":0,"parent":0,"menu_order":1,"comment_status":"closed","ping_status":"closed","template":"elementor_header_footer","meta":{"site-sidebar-layout":"no-sidebar","site-content-layout":"","ast-site-content-layout":"full-width-container","site-content-style":"default","site-sidebar-style":"default","ast-global-header-display":"","ast-banner-title-visibility":"","ast-main-header-display":"","ast-hfb-above-header-display":"","ast-hfb-below-header-display":"","ast-hfb-mobile-header-display":"","site-post-title":"","ast-breadcrumbs-content":"","ast-featured-img":"disabled","footer-sml-layout":"","ast-disable-related-posts":"","theme-transparent-header-meta":"","adv-header-id-meta":"","stick-header-meta":"","header-above-stick-meta":"","header-main-stick-meta":"","header-below-stick-meta":"","astra-migrate-meta-layouts":"default","ast-page-background-enabled":"default","ast-page-background-meta":{"desktop":{"background-color":"var(--ast-global-color-5)","background-image":"","background-repeat":"repeat","background-position":"center center","background-size":"auto","background-attachment":"scroll","background-type":"","background-media":"","overlay-type":"","overlay-color":"","overlay-opacity":"","overlay-gradient":""},"tablet":{"background-color":"","background-image":"","background-repeat":"repeat","background-position":"center center","background-size":"auto","background-attachment":"scroll","background-type":"","background-media":"","overlay-type":"","overlay-color":"","overlay-opacity":"","overlay-gradient":""},"mobile":{"background-color":"","background-image":"","background-repeat":"repeat","background-position":"center center","background-size":"auto","background-attachment":"scroll","background-type":"","background-media":"","overlay-type":"","overlay-color":"","overlay-opacity":"","overlay-gradient":""}},"ast-content-background-meta":{"desktop":{"background-color":"var(--ast-global-color-4)","background-image":"","background-repeat":"repeat","background-position":"center center","background-size":"auto","background-attachment":"scroll","background-type":"","background-media":"","overlay-type":"","overlay-color":"","overlay-opacity":"","overlay-gradient":""},"tablet":{"background-color":"var(--ast-global-color-4)","background-image":"","background-repeat":"repeat","background-position":"center center","background-size":"auto","background-attachment":"scroll","background-type":"","background-media":"","overlay-type":"","overlay-color":"","overlay-opacity":"","overlay-gradient":""},"mobile":{"background-color":"var(--ast-global-color-4)","background-image":"","background-repeat":"repeat","background-position":"center center","background-size":"auto","background-attachment":"scroll","background-type":"","background-media":"","overlay-type":"","overlay-color":"","overlay-opacity":"","overlay-gradient":""}},"footnotes":""},"class_list":["post-9","page","type-page","status-publish","hentry"],"_links":{"self":[{"href":"https:\/\/vbud-konstrukcje.pl\/index.php\/wp-json\/wp\/v2\/pages\/9","targetHints":{"allow":["GET"]}}],"collection":[{"href":"https:\/\/vbud-konstrukcje.pl\/index.php\/wp-json\/wp\/v2\/pages"}],"about":[{"href":"https:\/\/vbud-konstrukcje.pl\/index.php\/wp-json\/wp\/v2\/types\/page"}],"author":[{"embeddable":true,"href":"https:\/\/vbud-konstrukcje.pl\/index.php\/wp-json\/wp\/v2\/users\/1"}],"replies":[{"embeddable":true,"href":"https:\/\/vbud-konstrukcje.pl\/index.php\/wp-json\/wp\/v2\/comments?post=9"}],"version-history":[{"count":7,"href":"https:\/\/vbud-konstrukcje.pl\/index.php\/wp-json\/wp\/v2\/pages\/9\/revisions"}],"predecessor-version":[{"id":44,"href":"https:\/\/vbud-konstrukcje.pl\/index.php\/wp-json\/wp\/v2\/pages\/9\/revisions\/44"}],"wp:attachment":[{"href":"https:\/\/vbud-konstrukcje.pl\/index.php\/wp-json\/wp\/v2\/media?parent=9"}],"curies":[{"name":"wp","href":"https:\/\/api.w.org\/{rel}","templated":true}]}}